{"id":5334,"date":"2022-11-08T16:29:24","date_gmt":"2022-11-08T15:29:24","guid":{"rendered":"https:\/\/mecasbl.lu\/?post_type=product&#038;p=5334"},"modified":"2025-03-07T12:43:20","modified_gmt":"2025-03-07T11:43:20","slug":"zumba-steinheim","status":"publish","type":"product","link":"https:\/\/mecasbl.lu\/en\/produit\/zumba-steinheim\/","title":{"rendered":"Zumba &#8211; Steinheim"},"content":{"rendered":"<div class=\"wpb_text_column wpb_content_element \">\n<div class=\"wpb_wrapper\">\n<div class=\"wpb_text_column wpb_content_element \">\n<div class=\"wpb_wrapper\">\n<div class=\"col-xs-12 col-md-12\">\n<div class=\"wpb_text_column wpb_content_element \">\n<div class=\"wpb_wrapper\">\n<div class=\"wpb_text_column wpb_content_element \">\n<div class=\"wpb_wrapper\">\n<div class=\"col-xs-12 col-md-12\">\n<p class=\"p1\"><span class=\"s1\">La\u00a0Zumba\u00a0est une discipline sportive associant la danse latine, les pas d\u2019a\u00e9robic et de body sculpt.\u00a0<\/span><\/p>\n<p class=\"p1\"><span class=\"s1\">Les\u00a0cours\u00a0de Zumba s\u2019adressent \u00e0 toutes les personnes de tous \u00e2ges d\u00e9sireuses de rester dans une bonne forme physique gr\u00e2ce \u00e0 une pratique physique accessible.<\/span><\/p>\n<p class=\"p2\"><span class=\"s1\">Se d\u00e9fouler, faire des exercices sans \u00ab contraintes \u00bb en m\u00ealant des mouvements \u00e0 haute intensit\u00e9 et \u00e0 basse intensit\u00e9, rester en forme et garder la ligne, le tout dans un esprit festif. Voil\u00e0 le programme qui vous attend !<\/span><\/p>\n<p class=\"p2\"><span class=\"s1\">Un\u00a0entra\u00eenement complet, alliant tous les \u00e9l\u00e9ments de la remise en forme : cardio et pr\u00e9paration musculaire, \u00e9quilibre et flexibilit\u00e9, un regain d\u2019\u00e9nergie et un bien-\u00eatre absolu apr\u00e8s chaque session.<\/span><\/p>\n<p>&nbsp;<\/p>\n<table class=\"table tableseperator\">\n<tbody>\n<tr>\n<td><strong>Formatrice<br \/>\n<\/strong><\/td>\n<td>Mireille Bier<\/td>\n<\/tr>\n<tr>\n<td><strong>Lieu<\/strong><\/td>\n<td>Centre culturel Fra\u00efhof \u2013 3a rue de la Montagne L-6586 Steinheim<\/td>\n<\/tr>\n<tr>\n<td><strong>Date<\/strong><\/td>\n<td>19h00 \u00e0 20h00<br \/>\nchaque <strong>mardi<\/strong> \u00e0 partir du 7 janvier 2025<\/td>\n<\/tr>\n<\/tbody>\n<\/table>\n<\/div>\n<p>&nbsp;<\/p>\n<p><em>Merci d&#8217;apporter au cours l&#8217;email de confirmation de votre inscription.<\/em><\/p>\n<p><strong>Aucun remboursement ne sera accord\u00e9 sans raison valable<\/strong>.<\/p>\n<\/div>\n<\/div>\n<\/div>\n<\/div>\n<\/div>\n<\/div>\n<\/div>\n<\/div>\n<\/div>\n","protected":false},"excerpt":{"rendered":"<p>La\u00a0Zumba\u00a0est une discipline sportive associant la danse latine, les pas d\u2019a\u00e9robic et de body sculpt.\u00a0 Les\u00a0cours\u00a0de Zumba s\u2019adressent \u00e0 toutes les personnes de tous \u00e2ges d\u00e9sireuses de rester dans une bonne forme physique gr\u00e2ce \u00e0 une pratique physique accessible. Se d\u00e9fouler, faire des exercices sans \u00ab contraintes \u00bb en m\u00ealant des mouvements \u00e0 haute intensit\u00e9 [&hellip;]<\/p>\n","protected":false},"featured_media":5504,"template":"","meta":{"_seopress_robots_primary_cat":"none","_seopress_titles_title":"","_seopress_titles_desc":"","_seopress_robots_index":"","inline_featured_image":false},"product_brand":[],"product_cat":[32],"product_tag":[],"class_list":{"0":"post-5334","1":"product","2":"type-product","3":"status-publish","4":"has-post-thumbnail","6":"product_cat-zumba","8":"first","9":"outofstock","10":"virtual","11":"sold-individually","12":"purchasable","13":"product-type-simple"},"_links":{"self":[{"href":"https:\/\/mecasbl.lu\/en\/wp-json\/wp\/v2\/product\/5334","targetHints":{"allow":["GET"]}}],"collection":[{"href":"https:\/\/mecasbl.lu\/en\/wp-json\/wp\/v2\/product"}],"about":[{"href":"https:\/\/mecasbl.lu\/en\/wp-json\/wp\/v2\/types\/product"}],"wp:featuredmedia":[{"embeddable":true,"href":"https:\/\/mecasbl.lu\/en\/wp-json\/wp\/v2\/media\/5504"}],"wp:attachment":[{"href":"https:\/\/mecasbl.lu\/en\/wp-json\/wp\/v2\/media?parent=5334"}],"wp:term":[{"taxonomy":"product_brand","embeddable":true,"href":"https:\/\/mecasbl.lu\/en\/wp-json\/wp\/v2\/product_brand?post=5334"},{"taxonomy":"product_cat","embeddable":true,"href":"https:\/\/mecasbl.lu\/en\/wp-json\/wp\/v2\/product_cat?post=5334"},{"taxonomy":"product_tag","embeddable":true,"href":"https:\/\/mecasbl.lu\/en\/wp-json\/wp\/v2\/product_tag?post=5334"}],"curies":[{"name":"wp","href":"https:\/\/api.w.org\/{rel}","templated":true}]}}