{"id":5290,"date":"2022-11-08T12:35:41","date_gmt":"2022-11-08T11:35:41","guid":{"rendered":"https:\/\/mecasbl.lu\/?post_type=product&#038;p=5290"},"modified":"2024-03-04T10:00:45","modified_gmt":"2024-03-04T09:00:45","slug":"anglais-debutants-a-1-1-soir-cours-en-salle-la-en-54","status":"publish","type":"product","link":"https:\/\/mecasbl.lu\/en\/produit\/anglais-debutants-a-1-1-soir-cours-en-salle-la-en-54\/","title":{"rendered":"Anglais d\u00e9butants A.1.1 \u2013 soir \u2013 LA-EN-54"},"content":{"rendered":"<div class=\"wpb_text_column wpb_content_element \">\n<div class=\"wpb_wrapper\">\n<div class=\"wpb_text_column wpb_content_element \">\n<div class=\"wpb_wrapper\">\n<div class=\"col-xs-12 col-md-12\">\n<p>Apprentissage de la langue anglaise pour les personnes n\u2019ayant aucune connaissance de base.<\/p>\n<p>&nbsp;<\/p>\n<table class=\"table tableseperator\">\n<tbody>\n<tr>\n<td><strong>Formatrice<br \/>\n<\/strong><\/td>\n<td>Nuha Garib<\/td>\n<\/tr>\n<tr>\n<td><strong>Lieu<\/strong><\/td>\n<td>Centre culturel Fr\u00e4ihof \u2013 3a rue de la montagne, L-6586 <strong>Steinheim<\/strong><\/td>\n<\/tr>\n<tr>\n<td><strong>Heure et date<\/strong><\/td>\n<td>19h00 \u00e0 21h00<br \/>\n1x Sem. \u2013 le lundi \u2013 Du 26 septembre 2022 au 5 juin 2023<\/td>\n<\/tr>\n<tr>\n<td><strong>Dur\u00e9e<\/strong><\/td>\n<td>60 heures \u2013 30 semaines<\/td>\n<\/tr>\n<\/tbody>\n<\/table>\n<p>&nbsp;<\/p>\n<p><strong>Les b\u00e9n\u00e9ficiaires d\u2019un bon<\/strong> pour tarif r\u00e9duit sont pri\u00e9s de faire parvenir leur bon par courrier, au bureau du MEC asbl (9 rue Andr\u00e9 Duchscher L-6434 Echternach) ou par email : <a href=\"mailto:info@mecasbl.lu\">info@mecasbl.lu<\/a>. Les bons dat\u00e9s apr\u00e8s la date de commencement du cours ne sont pas accept\u00e9s.<\/p>\n<p><strong>Aucun remboursement ne sera accord\u00e9 sans raison valable<\/strong>.<\/p>\n<\/div>\n<\/div>\n<\/div>\n<\/div>\n<\/div>\n","protected":false},"excerpt":{"rendered":"<p>Apprentissage de la langue anglaise pour les personnes n\u2019ayant aucune connaissance de base. &nbsp; Formatrice Nuha Garib Lieu Centre culturel Fr\u00e4ihof \u2013 3a rue de la montagne, L-6586 Steinheim Heure et date 19h00 \u00e0 21h00 1x Sem. \u2013 le lundi \u2013 Du 26 septembre 2022 au 5 juin 2023 Dur\u00e9e 60 heures \u2013 30 semaines [&hellip;]<\/p>\n","protected":false},"featured_media":5463,"template":"","meta":{"_seopress_robots_primary_cat":"none","_seopress_titles_title":"","_seopress_titles_desc":"","_seopress_robots_index":"","inline_featured_image":false},"product_brand":[],"product_cat":[31],"product_tag":[],"class_list":{"0":"post-5290","1":"product","2":"type-product","3":"status-publish","4":"has-post-thumbnail","6":"product_cat-anglais","8":"first","9":"outofstock","10":"sold-individually","11":"shipping-taxable","12":"purchasable","13":"product-type-variable"},"_links":{"self":[{"href":"https:\/\/mecasbl.lu\/en\/wp-json\/wp\/v2\/product\/5290","targetHints":{"allow":["GET"]}}],"collection":[{"href":"https:\/\/mecasbl.lu\/en\/wp-json\/wp\/v2\/product"}],"about":[{"href":"https:\/\/mecasbl.lu\/en\/wp-json\/wp\/v2\/types\/product"}],"wp:featuredmedia":[{"embeddable":true,"href":"https:\/\/mecasbl.lu\/en\/wp-json\/wp\/v2\/media\/5463"}],"wp:attachment":[{"href":"https:\/\/mecasbl.lu\/en\/wp-json\/wp\/v2\/media?parent=5290"}],"wp:term":[{"taxonomy":"product_brand","embeddable":true,"href":"https:\/\/mecasbl.lu\/en\/wp-json\/wp\/v2\/product_brand?post=5290"},{"taxonomy":"product_cat","embeddable":true,"href":"https:\/\/mecasbl.lu\/en\/wp-json\/wp\/v2\/product_cat?post=5290"},{"taxonomy":"product_tag","embeddable":true,"href":"https:\/\/mecasbl.lu\/en\/wp-json\/wp\/v2\/product_tag?post=5290"}],"curies":[{"name":"wp","href":"https:\/\/api.w.org\/{rel}","templated":true}]}}